{"id":377,"date":"2016-01-07T04:23:21","date_gmt":"2016-01-07T04:23:21","guid":{"rendered":"http:\/\/consulting.stylemixthemes.com\/?page_id=377"},"modified":"2017-06-23T17:25:40","modified_gmt":"2017-06-23T17:25:40","slug":"resena-historica","status":"publish","type":"page","link":"https:\/\/www.afmcr.net\/?page_id=377","title":{"rendered":"Rese\u00f1a Hist\u00f3rica"},"content":{"rendered":"<div class=\"wpb-content-wrapper\"><p>[vc_row css=&#8221;.vc_custom_1459505865030{margin-bottom: 100px !important;}&#8221;][vc_column][vc_column_text css=&#8221;.vc_custom_1485534929267{margin-bottom: 50px !important;}&#8221;]<\/p>\n<h2>Rese\u00f1a\u00a0Hist\u00f3rica<\/h2>\n<p>AFM Asesores Financieros M\u00faltiples S.A., es una empresa del sector financiero, fundada en mayo del 2002 bajo una filosof\u00eda de trabajo que pretende atender el mercado nacional con asesor\u00edas y acceso a soluciones financieras, para satisfacer las diversas necesidades de nuestros clientes.[\/vc_column_text][stm_company_history][stm_company_history_item year=&#8221;2002&#8243; title=&#8221;Fundaci\u00f3n de AFM&#8221; description=&#8221;AFM Asesores Financieros M\u00faltiples S.A., es una empresa del sector financiero, fundada en mayo del 2002 bajo una filosof\u00eda de trabajo que pretende atender el mercado nacional con asesor\u00edas y acceso a soluciones financieras, para satisfacer las diversas necesidades de nuestros clientes.&#8221;][stm_company_history_item year=&#8221;2005&#8243; title=&#8221;Crecimiento&#8221; description=&#8221;Nuestro enfoque de servicios, se ha realizado bajo la premisa de \u201ccrear relaciones de largo plazo basados en la confianza y satisfacci\u00f3n de las necesidades de nuestros clientes\u201d<\/p>\n<p>Con el pasar de los a\u00f1os, se logr\u00f3 un convenio con una cooperativa que ofrece el servicio de deducci\u00f3n de planilla, lo cual posibilit\u00f3 el iniciar con el financiamiento al Sector P\u00fablico, para atender necesidades propias de nuestros clientes como son: compra de art\u00edculos para el hogar, servicios m\u00e9dicos (oftalmolog\u00eda u odontolog\u00eda) as\u00ed como de \u00edndole personal.&#8221;][stm_company_history_item year=&#8221;2009&#8243; title=&#8221;Fortalecimiento&#8221; description=&#8221;Para mediados del 2009, se toma la decisi\u00f3n de comenzar a explorar el financiamiento al Sector Privado e Independiente, por medio de financiamientos peque\u00f1os, bajo la modalidad de cr\u00e9ditos directos as\u00ed como descuento de facturas.&#8221;][stm_company_history_item year=&#8221;2017&#8243; title=&#8221;Consolidaci\u00f3n&#8221; description=&#8221;Desde ese momento AFM ha ido consolidando su portafolio de servicios, dentro de los cuales actualmente se ofrecen:<\/p>\n<p>&#8211; Financiamiento al Sector P\u00fablico<br \/>\n&#8211; Financiamiento al Sector Pymes&#8221;][\/stm_company_history][\/vc_column][\/vc_row][vc_row full_width=&#8221;stretch_row&#8221; css=&#8221;.vc_custom_1486415704001{margin-bottom: 0px !important;}&#8221; el_class=&#8221;third_bg_color&#8221;][vc_column][vc_cta h2=&#8221;\u00bfEsta buscando soluciones de cr\u00e9dito o financieras?&#8221; h2_font_container=&#8221;font_size:20px|color:%23ffffff|line_height:24px&#8221; h2_use_theme_fonts=&#8221;yes&#8221; shape=&#8221;square&#8221; style=&#8221;flat&#8221; add_button=&#8221;right&#8221; btn_title=&#8221;Solicite su Cr\u00e9dito&#8221; btn_style=&#8221;flat&#8221; btn_color=&#8221;theme_style_2&#8243; btn_align=&#8221;right&#8221; btn_i_align=&#8221;right&#8221; btn_i_icon_fontawesome=&#8221;fa fa-chevron-right&#8221; use_custom_fonts_h2=&#8221;true&#8221; btn_add_icon=&#8221;true&#8221; btn_link=&#8221;url:%2Frequisitos-y-solicitud%2F|||&#8221; el_class=&#8221;third_bg_color&#8221; css=&#8221;.vc_custom_1485535217620{margin-bottom: 0px !important;}&#8221;][\/vc_cta][\/vc_column][\/vc_row]<\/p>\n<\/div>","protected":false},"excerpt":{"rendered":"<p>[vc_row css=&#8221;.vc_custom_1459505865030{margin-bottom: 100px !important;}&#8221;][vc_column][vc_column_text css=&#8221;.vc_custom_1485534929267{margin-bottom: 50px !important;}&#8221;] Rese\u00f1a\u00a0Hist\u00f3rica AFM Asesores Financieros M\u00faltiples S.A., es una empresa del sector financiero, fundada en mayo del 2002 bajo una filosof\u00eda de trabajo que pretende atender el mercado nacional con asesor\u00edas y acceso a soluciones financieras, para satisfacer las diversas necesidades de nuestros clientes.[\/vc_column_text][stm_company_history][stm_company_history_item year=&#8221;2002&#8243; title=&#8221;Fundaci\u00f3n de AFM&#8221; description=&#8221;AFM<\/p>\n","protected":false},"author":1,"featured_media":0,"parent":0,"menu_order":0,"comment_status":"closed","ping_status":"closed","template":"","meta":{"_monsterinsights_skip_tracking":false,"_monsterinsights_sitenote_active":false,"_monsterinsights_sitenote_note":"","_monsterinsights_sitenote_category":0,"footnotes":""},"class_list":["post-377","page","type-page","status-publish","hentry"],"_links":{"self":[{"href":"https:\/\/www.afmcr.net\/index.php?rest_route=\/wp\/v2\/pages\/377","targetHints":{"allow":["GET"]}}],"collection":[{"href":"https:\/\/www.afmcr.net\/index.php?rest_route=\/wp\/v2\/pages"}],"about":[{"href":"https:\/\/www.afmcr.net\/index.php?rest_route=\/wp\/v2\/types\/page"}],"author":[{"embeddable":true,"href":"https:\/\/www.afmcr.net\/index.php?rest_route=\/wp\/v2\/users\/1"}],"replies":[{"embeddable":true,"href":"https:\/\/www.afmcr.net\/index.php?rest_route=%2Fwp%2Fv2%2Fcomments&post=377"}],"version-history":[{"count":16,"href":"https:\/\/www.afmcr.net\/index.php?rest_route=\/wp\/v2\/pages\/377\/revisions"}],"predecessor-version":[{"id":2042,"href":"https:\/\/www.afmcr.net\/index.php?rest_route=\/wp\/v2\/pages\/377\/revisions\/2042"}],"wp:attachment":[{"href":"https:\/\/www.afmcr.net\/index.php?rest_route=%2Fwp%2Fv2%2Fmedia&parent=377"}],"curies":[{"name":"wp","href":"https:\/\/api.w.org\/{rel}","templated":true}]}}