{"id":344,"date":"2016-01-06T11:31:27","date_gmt":"2016-01-06T11:31:27","guid":{"rendered":"http:\/\/consulting.stylemixthemes.com\/?page_id=344"},"modified":"2017-05-18T22:51:37","modified_gmt":"2017-05-18T22:51:37","slug":"nuestra-filosofia","status":"publish","type":"page","link":"https:\/\/www.afmcr.net\/?page_id=344","title":{"rendered":"Filosof\u00eda de Trabajo"},"content":{"rendered":"<div class=\"wpb-content-wrapper\"><p>[vc_row css=&#8221;.vc_custom_1459506276575{margin-bottom: 100px !important;}&#8221;][vc_column][vc_column_text css=&#8221;.vc_custom_1484597168113{margin-top: 45px !important;}&#8221;]<\/p>\n<h2>Nuestra Filosof\u00eda<\/h2>\n<p>&nbsp;<\/p>\n<p>En AFM\u00ae nos guiamos bajo los cinco pilares de nuestra filosof\u00eda <strong>FASST<\/strong> que en sus siglas quiere (F\u00e1cil &#8211; \u00c1gil &#8211; Servicio &#8211; Seguimiento &#8211; Tiempo):[\/vc_column_text][vc_row_inner css=&#8221;.vc_custom_1455886051719{margin-bottom: 10px !important;}&#8221;][vc_column_inner width=&#8221;1\/2&#8243;][stm_icon_box hide_title_line=&#8221;hide_title_line&#8221; enable_hexagon=&#8221;enable&#8221; enable_hexagon_animation=&#8221;enable&#8221; icon=&#8221;stm-nokia_outline&#8221; style=&#8221;icon_left&#8221; icon_size=&#8221;15&#8243; icon_width=&#8221;78&#8243; title=&#8221;Filosof\u00eda de<br \/>\nFacilidad&#8221;]Hacer las cosas simples y pr\u00e1cticas para nuestros clientes.[\/stm_icon_box][\/vc_column_inner][vc_column_inner width=&#8221;1\/2&#8243;][stm_icon_box hide_title_line=&#8221;hide_title_line&#8221; enable_hexagon=&#8221;enable&#8221; enable_hexagon_animation=&#8221;enable&#8221; icon=&#8221;stm-binoculars&#8221; style=&#8221;icon_left&#8221; icon_size=&#8221;22&#8243; icon_width=&#8221;78&#8243; title=&#8221;Filosof\u00eda de<br \/>\nSeguimiento&#8221;]Al cliente se le acompa\u00f1a en su evoluci\u00f3n y desarrollo.[\/stm_icon_box][\/vc_column_inner][\/vc_row_inner][vc_row_inner css=&#8221;.vc_custom_1455886085190{margin-bottom: 10px !important;}&#8221;][vc_column_inner width=&#8221;1\/2&#8243;][stm_icon_box hide_title_line=&#8221;hide_title_line&#8221; enable_hexagon=&#8221;enable&#8221; enable_hexagon_animation=&#8221;enable&#8221; icon=&#8221;stm-target&#8221; style=&#8221;icon_left&#8221; icon_size=&#8221;21&#8243; icon_width=&#8221;78&#8243; title=&#8221;Filosof\u00eda de<br \/>\nAgilidad&#8221;]Proveer soluciones y respuestas \u00e1giles.[\/stm_icon_box][\/vc_column_inner][vc_column_inner width=&#8221;1\/2&#8243;][stm_icon_box hide_title_line=&#8221;hide_title_line&#8221; enable_hexagon=&#8221;enable&#8221; enable_hexagon_animation=&#8221;enable&#8221; icon=&#8221;stm-clock&#8221; style=&#8221;icon_left&#8221; icon_size=&#8221;23&#8243; icon_width=&#8221;78&#8243; title=&#8221;Filosof\u00eda de<br \/>\nTiempo&#8221;]La respuesta en el menor tiempo posible y en menos de 48\u00a0horas.[\/stm_icon_box][\/vc_column_inner][\/vc_row_inner][vc_row_inner css=&#8221;.vc_custom_1455886085190{margin-bottom: 10px !important;}&#8221;][vc_column_inner width=&#8221;1\/2&#8243;][stm_icon_box hide_title_line=&#8221;hide_title_line&#8221; enable_hexagon=&#8221;enable&#8221; enable_hexagon_animation=&#8221;enable&#8221; icon=&#8221;stm-crown&#8221; style=&#8221;icon_left&#8221; icon_size=&#8221;21&#8243; icon_width=&#8221;78&#8243; title=&#8221;Filosof\u00eda de<br \/>\nServicio&#8221;]Nuestros clientes deben sentirse el centro del negocio.[\/stm_icon_box][\/vc_column_inner][\/vc_row_inner][\/vc_column][\/vc_row][vc_row full_width=&#8221;stretch_row&#8221; css=&#8221;.vc_custom_1486415742699{margin-bottom: 0px !important;}&#8221; el_class=&#8221;third_bg_color&#8221;][vc_column][vc_cta h2=&#8221;\u00bfEst\u00e1 buscando soluciones de cr\u00e9dito o financieras?&#8221; h2_font_container=&#8221;font_size:20px|color:%23ffffff|line_height:24px&#8221; h2_use_theme_fonts=&#8221;yes&#8221; shape=&#8221;square&#8221; style=&#8221;flat&#8221; add_button=&#8221;right&#8221; btn_title=&#8221;Solicite su Cr\u00e9dito&#8221; btn_style=&#8221;flat&#8221; btn_color=&#8221;theme_style_2&#8243; btn_align=&#8221;right&#8221; btn_i_align=&#8221;right&#8221; btn_i_icon_fontawesome=&#8221;fa fa-chevron-right&#8221; use_custom_fonts_h2=&#8221;true&#8221; btn_add_icon=&#8221;true&#8221; btn_link=&#8221;url:%2Frequisitos-y-solicitud%2F|||&#8221; el_class=&#8221;third_bg_color&#8221; css=&#8221;.vc_custom_1495147841797{margin-bottom: 0px !important;}&#8221;][\/vc_cta][\/vc_column][\/vc_row]<\/p>\n<\/div>","protected":false},"excerpt":{"rendered":"<p>[vc_row css=&#8221;.vc_custom_1459506276575{margin-bottom: 100px !important;}&#8221;][vc_column][vc_column_text css=&#8221;.vc_custom_1484597168113{margin-top: 45px !important;}&#8221;] Nuestra Filosof\u00eda &nbsp; En AFM\u00ae nos guiamos bajo los cinco pilares de nuestra filosof\u00eda FASST que en sus siglas quiere (F\u00e1cil &#8211; \u00c1gil &#8211; Servicio &#8211; Seguimiento &#8211; Tiempo):[\/vc_column_text][vc_row_inner css=&#8221;.vc_custom_1455886051719{margin-bottom: 10px !important;}&#8221;][vc_column_inner width=&#8221;1\/2&#8243;][stm_icon_box hide_title_line=&#8221;hide_title_line&#8221; enable_hexagon=&#8221;enable&#8221; enable_hexagon_animation=&#8221;enable&#8221; icon=&#8221;stm-nokia_outline&#8221; style=&#8221;icon_left&#8221; icon_size=&#8221;15&#8243; icon_width=&#8221;78&#8243; title=&#8221;Filosof\u00eda de Facilidad&#8221;]Hacer las cosas simples y pr\u00e1cticas<\/p>\n","protected":false},"author":1,"featured_media":0,"parent":0,"menu_order":0,"comment_status":"closed","ping_status":"closed","template":"","meta":{"_monsterinsights_skip_tracking":false,"_monsterinsights_sitenote_active":false,"_monsterinsights_sitenote_note":"","_monsterinsights_sitenote_category":0,"footnotes":""},"class_list":["post-344","page","type-page","status-publish","hentry"],"_links":{"self":[{"href":"https:\/\/www.afmcr.net\/index.php?rest_route=\/wp\/v2\/pages\/344","targetHints":{"allow":["GET"]}}],"collection":[{"href":"https:\/\/www.afmcr.net\/index.php?rest_route=\/wp\/v2\/pages"}],"about":[{"href":"https:\/\/www.afmcr.net\/index.php?rest_route=\/wp\/v2\/types\/page"}],"author":[{"embeddable":true,"href":"https:\/\/www.afmcr.net\/index.php?rest_route=\/wp\/v2\/users\/1"}],"replies":[{"embeddable":true,"href":"https:\/\/www.afmcr.net\/index.php?rest_route=%2Fwp%2Fv2%2Fcomments&post=344"}],"version-history":[{"count":10,"href":"https:\/\/www.afmcr.net\/index.php?rest_route=\/wp\/v2\/pages\/344\/revisions"}],"predecessor-version":[{"id":2035,"href":"https:\/\/www.afmcr.net\/index.php?rest_route=\/wp\/v2\/pages\/344\/revisions\/2035"}],"wp:attachment":[{"href":"https:\/\/www.afmcr.net\/index.php?rest_route=%2Fwp%2Fv2%2Fmedia&parent=344"}],"curies":[{"name":"wp","href":"https:\/\/api.w.org\/{rel}","templated":true}]}}