{"id":1745,"date":"2016-12-21T11:53:04","date_gmt":"2016-12-21T11:53:04","guid":{"rendered":"http:\/\/50.116.64.17\/~afmcrnet\/?page_id=1745"},"modified":"2018-02-23T14:27:06","modified_gmt":"2018-02-23T14:27:06","slug":"convenios-afiliados","status":"publish","type":"page","link":"https:\/\/www.afmcr.net\/?page_id=1745","title":{"rendered":"Convenios Afiliados"},"content":{"rendered":"<p><strong>Bike Store (Tienda de bicicletas y accesorios)<\/strong><strong>\u00a0&#8211; San Jos\u00e9\u00a0<\/strong><\/p>\n<p>Tel\u00e9fonos: Curridabat: 2253-5742 \/ Santa Ana: 4030-1119<\/p>\n<p>&nbsp;<\/p>\n<p><strong>Industrias Montero (Puertas de ba\u00f1o &#8211; accesorios)<\/strong><strong>\u00a0&#8211; San Francisco de 2 r\u00edos, San Jos\u00e9\u00a0<\/strong><\/p>\n<p>Tel\u00e9fono:2250-0241<\/p>\n<p>&nbsp;<\/p>\n<p><strong>Opti Salud 20\/20 (\u00d3ptica) &#8211; Central, San Jos\u00e9<\/strong><\/p>\n<p>Tel\u00e9fono: 2248 1182<\/p>\n<p>&nbsp;<\/p>\n<p><strong>\u00d3pticas F &amp; F<\/strong><strong> (\u00d3ptica) &#8211; Heredia<\/strong><\/p>\n<p>Tel\u00e9fono: 2238 2505<\/p>\n<p>&nbsp;<\/p>\n<p><strong>Centro Ocular 20\/20<\/strong><strong> (\u00d3ptica)\u00a0<\/strong><\/p>\n<p>Tel\u00e9fono: 6264-3037<\/p>\n<p>&nbsp;<\/p>\n<p><strong>Opticlinic Costa Rica\u00a0(\u00d3ptica) &#8211; Guadalupe, San Jos\u00e9<\/strong><\/p>\n<p>Tel\u00e9fono: 2245-1535<\/p>\n<p>&nbsp;<\/p>\n<p><strong>Cl\u00ednica Dental Mercadeo Odontol\u00f3gico (Dentista) &#8211; San Jos\u00e9 servicio a domicilio<\/strong><\/p>\n<p>Tel\u00e9fono: 2241-2022<\/p>\n","protected":false},"excerpt":{"rendered":"<p>Bike Store (Tienda de bicicletas y accesorios)\u00a0&#8211; San Jos\u00e9\u00a0 Tel\u00e9fonos: Curridabat: 2253-5742 \/ Santa Ana: 4030-1119 &nbsp; Industrias Montero (Puertas de ba\u00f1o &#8211; accesorios)\u00a0&#8211; San Francisco de 2 r\u00edos, San Jos\u00e9\u00a0 Tel\u00e9fono:2250-0241 &nbsp; Opti Salud 20\/20 (\u00d3ptica) &#8211; Central, San Jos\u00e9 Tel\u00e9fono: 2248 1182 &nbsp; \u00d3pticas F &amp; F (\u00d3ptica) &#8211; Heredia Tel\u00e9fono: 2238 2505<\/p>\n","protected":false},"author":1,"featured_media":0,"parent":0,"menu_order":0,"comment_status":"closed","ping_status":"closed","template":"","meta":{"_monsterinsights_skip_tracking":false,"_monsterinsights_sitenote_active":false,"_monsterinsights_sitenote_note":"","_monsterinsights_sitenote_category":0,"footnotes":""},"class_list":["post-1745","page","type-page","status-publish","hentry"],"_links":{"self":[{"href":"https:\/\/www.afmcr.net\/index.php?rest_route=\/wp\/v2\/pages\/1745","targetHints":{"allow":["GET"]}}],"collection":[{"href":"https:\/\/www.afmcr.net\/index.php?rest_route=\/wp\/v2\/pages"}],"about":[{"href":"https:\/\/www.afmcr.net\/index.php?rest_route=\/wp\/v2\/types\/page"}],"author":[{"embeddable":true,"href":"https:\/\/www.afmcr.net\/index.php?rest_route=\/wp\/v2\/users\/1"}],"replies":[{"embeddable":true,"href":"https:\/\/www.afmcr.net\/index.php?rest_route=%2Fwp%2Fv2%2Fcomments&post=1745"}],"version-history":[{"count":7,"href":"https:\/\/www.afmcr.net\/index.php?rest_route=\/wp\/v2\/pages\/1745\/revisions"}],"predecessor-version":[{"id":2069,"href":"https:\/\/www.afmcr.net\/index.php?rest_route=\/wp\/v2\/pages\/1745\/revisions\/2069"}],"wp:attachment":[{"href":"https:\/\/www.afmcr.net\/index.php?rest_route=%2Fwp%2Fv2%2Fmedia&parent=1745"}],"curies":[{"name":"wp","href":"https:\/\/api.w.org\/{rel}","templated":true}]}}