{"id":1743,"date":"2016-12-21T11:52:38","date_gmt":"2016-12-21T11:52:38","guid":{"rendered":"http:\/\/50.116.64.17\/~afmcrnet\/?page_id=1743"},"modified":"2017-05-18T22:52:43","modified_gmt":"2017-05-18T22:52:43","slug":"requisitos-y-solicitud","status":"publish","type":"page","link":"https:\/\/www.afmcr.net\/?page_id=1743","title":{"rendered":"Requisitos y Solicitud"},"content":{"rendered":"<div class=\"wpb-content-wrapper\"><p>[vc_row][vc_column][vc_column_text css=&#8221;.vc_custom_1485145982876{padding-bottom: 40px !important;}&#8221;]<\/p>\n<h1 style=\"text-align: center;\">Requisitos<\/h1>\n<p>[\/vc_column_text][\/vc_column][\/vc_row][vc_row][vc_column width=&#8221;1\/2&#8243;][vc_column_text]<\/p>\n<h3><b>Cr\u00e9dito Sector P\u00fablico<\/b><\/h3>\n<ul>\n<li>Copia C\u00e9dula de Identidad<\/li>\n<li>Constancia de salario<\/li>\n<li>Completar solicitud<\/li>\n<\/ul>\n<h3><b>Cr\u00e9dito Pymes<\/b><\/h3>\n<ul>\n<li>Completar Formulario Solicitud<\/li>\n<li>Copia C\u00e9dula de Identidad<\/li>\n<li>Copia Permiso de Funcionamiento\/Declaraci\u00f3n de Renta<\/li>\n<li>Informaci\u00f3n financiera de la actividad (registro ventas y movimientos bancarios)<\/li>\n<li>Recibo de Servicios P\u00fablicos<\/li>\n<li>Declaraci\u00f3n Jurada de Deudas<\/li>\n<li>Garant\u00eda***<\/li>\n<\/ul>\n<p>[\/vc_column_text][\/vc_column][vc_column width=&#8221;1\/2&#8243;][vc_column_text]<\/p>\n<h3><b>Descuento de Facturas:<\/b><\/h3>\n<ul>\n<li><u>Pagador:<\/u><\/li>\n<li>Nombre completo de la empresa<\/li>\n<li>Contacto y n\u00famero de tel\u00e9fono<\/li>\n<li>Estar de acuerdo en descontar la factura<\/li>\n<li><u>Cliente (emisor de la factura)<\/u><\/li>\n<li>Perfil de la empresa.<\/li>\n<li>Personer\u00eda<\/li>\n<li>Copia de la c\u00e9dula del representante legal.<\/li>\n<li>Informaci\u00f3n financiera del \u00faltimo periodo fiscal y un corte reciente con no m\u00e1s de tres meses de antig\u00fcedad.<\/li>\n<li>Flujo de caja por un a\u00f1o con sus respectivos supuestos.<\/li>\n<li>Copia de las facturas a descontar<\/li>\n<\/ul>\n<p>[\/vc_column_text][\/vc_column][\/vc_row][vc_row css=&#8221;.vc_custom_1485143954228{padding-top: 50px !important;}&#8221;][vc_column][vc_column_text]<\/p>\n<h1 style=\"text-align: center;\">Solicite su Cr\u00e9dito<\/h1>\n<p>[\/vc_column_text][\/vc_column][\/vc_row][vc_row css=&#8221;.vc_custom_1486417167306{margin-bottom: 60px !important;padding-top: 40px !important;}&#8221;][vc_column]\n<div class=\"wpcf7 no-js\" id=\"wpcf7-f1844-o1\" lang=\"en-US\" dir=\"ltr\" data-wpcf7-id=\"1844\">\n<div class=\"screen-reader-response\"><p role=\"status\" aria-live=\"polite\" aria-atomic=\"true\"><\/p> <ul><\/ul><\/div>\n<form action=\"\/index.php?rest_route=%2Fwp%2Fv2%2Fpages%2F1743#wpcf7-f1844-o1\" method=\"post\" class=\"wpcf7-form init\" aria-label=\"Contact form\" novalidate=\"novalidate\" data-status=\"init\">\n<div style=\"display: none;\">\n<input type=\"hidden\" name=\"_wpcf7\" value=\"1844\" \/>\n<input type=\"hidden\" name=\"_wpcf7_version\" value=\"6.0.6\" \/>\n<input type=\"hidden\" name=\"_wpcf7_locale\" value=\"en_US\" \/>\n<input type=\"hidden\" name=\"_wpcf7_unit_tag\" value=\"wpcf7-f1844-o1\" \/>\n<input type=\"hidden\" name=\"_wpcf7_container_post\" value=\"0\" \/>\n<input type=\"hidden\" name=\"_wpcf7_posted_data_hash\" value=\"\" \/>\n<\/div>\n<div class=\"contact_us\">\n    <div class=\"row\">\n\n<div class=\"col-lg-6 col-md-6 col-sm-6 col-xs-12\">\n<span class=\"wpcf7-form-control-wrap\" data-name=\"Nombre\"><input size=\"40\" maxlength=\"400\" class=\"wpcf7-form-control wpcf7-text wpcf7-validates-as-required\" aria-required=\"true\" aria-invalid=\"false\" placeholder=\"Nombre\" value=\"\" type=\"text\" name=\"Nombre\" \/><\/span>\n<span class=\"wpcf7-form-control-wrap\" data-name=\"SegundoApellido\"><input size=\"40\" maxlength=\"400\" class=\"wpcf7-form-control wpcf7-text wpcf7-validates-as-required\" aria-required=\"true\" aria-invalid=\"false\" placeholder=\"Segundo Apellido\" value=\"\" type=\"text\" name=\"SegundoApellido\" \/><\/span>\n<span class=\"wpcf7-form-control-wrap\" data-name=\"CorreoElectronico\"><input size=\"40\" maxlength=\"400\" class=\"wpcf7-form-control wpcf7-email wpcf7-validates-as-required wpcf7-text wpcf7-validates-as-email\" aria-required=\"true\" aria-invalid=\"false\" placeholder=\"Correo Electr\u00f3nico\" value=\"\" type=\"email\" name=\"CorreoElectronico\" \/><\/span>\n<span class=\"wpcf7-form-control-wrap\" data-name=\"Telefono2\"><input size=\"40\" maxlength=\"400\" class=\"wpcf7-form-control wpcf7-tel wpcf7-text wpcf7-validates-as-tel\" aria-invalid=\"false\" placeholder=\"Tel\u00e9fono 2 (opcional)\" value=\"\" type=\"tel\" name=\"Telefono2\" \/><\/span>\n<\/div>\n\n<div class=\"col-lg-6 col-md-6 col-sm-6 col-xs-12\">\n<span class=\"wpcf7-form-control-wrap\" data-name=\"PrimerApellido\"><input size=\"40\" maxlength=\"400\" class=\"wpcf7-form-control wpcf7-text wpcf7-validates-as-required\" aria-required=\"true\" aria-invalid=\"false\" placeholder=\"Primer Apellido\" value=\"\" type=\"text\" name=\"PrimerApellido\" \/><\/span>\n<span class=\"wpcf7-form-control-wrap\" data-name=\"NumerodeCedula\"><input size=\"40\" maxlength=\"400\" class=\"wpcf7-form-control wpcf7-text wpcf7-validates-as-required\" aria-required=\"true\" aria-invalid=\"false\" placeholder=\"N\u00famero de C\u00e9dula\" value=\"\" type=\"text\" name=\"NumerodeCedula\" \/><\/span>\n<span class=\"wpcf7-form-control-wrap\" data-name=\"Telefono\"><input size=\"40\" maxlength=\"400\" class=\"wpcf7-form-control wpcf7-tel wpcf7-validates-as-required wpcf7-text wpcf7-validates-as-tel\" aria-required=\"true\" aria-invalid=\"false\" placeholder=\"Tel\u00e9fono\" value=\"\" type=\"tel\" name=\"Telefono\" \/><\/span>\n<span class=\"wpcf7-form-control-wrap\" data-name=\"Seleccione\"><select class=\"wpcf7-form-control wpcf7-select wpcf7-validates-as-required\" aria-required=\"true\" aria-invalid=\"false\" name=\"Seleccione\"><option value=\"Seleccione L\u00ednea de Cr\u00e9dito\">Seleccione L\u00ednea de Cr\u00e9dito<\/option><option value=\"Cr\u00e9dito Sector P\u00fablico\">Cr\u00e9dito Sector P\u00fablico<\/option><option value=\"Cr\u00e9dito Pymes\">Cr\u00e9dito Pymes<\/option><option value=\"Descuentos de Facturas\">Descuentos de Facturas<\/option><\/select><\/span>\n<\/div>\n\n<div class=\"col-lg-12 col-md-12 col-sm-12 col-xs-12\">\n<\/br>\n<span class=\"wpcf7-form-control-wrap\" data-name=\"message\"><textarea cols=\"40\" rows=\"10\" maxlength=\"2000\" class=\"wpcf7-form-control wpcf7-textarea wpcf7-validates-as-required\" aria-required=\"true\" aria-invalid=\"false\" placeholder=\"Su Mensaje *\" name=\"message\"><\/textarea><\/span>\n<button type=\"submit\" class=\"button size-lg icon_right\">Enviar <i class=\"fa fa-chevron-right\"><\/i><\/button>\n<\/div>\n\n<\/div>\n<\/div><p style=\"display: none !important;\"><label>&#916;<textarea name=\"_wpcf7_ak_hp_textarea\" cols=\"45\" rows=\"8\" maxlength=\"100\"><\/textarea><\/label><input type=\"hidden\" id=\"ak_js_1\" name=\"_wpcf7_ak_js\" value=\"111\"\/><script>document.getElementById( \"ak_js_1\" ).setAttribute( \"value\", ( new Date() ).getTime() );<\/script><\/p><div class=\"wpcf7-response-output\" aria-hidden=\"true\"><\/div>\n<\/form>\n<\/div>\n[\/vc_column][\/vc_row]<\/p>\n<\/div>","protected":false},"excerpt":{"rendered":"<p>[vc_row][vc_column][vc_column_text css=&#8221;.vc_custom_1485145982876{padding-bottom: 40px !important;}&#8221;] Requisitos [\/vc_column_text][\/vc_column][\/vc_row][vc_row][vc_column width=&#8221;1\/2&#8243;][vc_column_text] Cr\u00e9dito Sector P\u00fablico Copia C\u00e9dula de Identidad Constancia de salario Completar solicitud Cr\u00e9dito Pymes Completar Formulario Solicitud Copia C\u00e9dula de Identidad Copia Permiso de Funcionamiento\/Declaraci\u00f3n de Renta Informaci\u00f3n financiera de la actividad (registro ventas y movimientos bancarios) Recibo de Servicios P\u00fablicos Declaraci\u00f3n Jurada de Deudas Garant\u00eda*** [\/vc_column_text][\/vc_column][vc_column width=&#8221;1\/2&#8243;][vc_column_text]<\/p>\n","protected":false},"author":1,"featured_media":0,"parent":0,"menu_order":0,"comment_status":"closed","ping_status":"closed","template":"","meta":{"_monsterinsights_skip_tracking":false,"_monsterinsights_sitenote_active":false,"_monsterinsights_sitenote_note":"","_monsterinsights_sitenote_category":0,"footnotes":""},"class_list":["post-1743","page","type-page","status-publish","hentry"],"_links":{"self":[{"href":"https:\/\/www.afmcr.net\/index.php?rest_route=\/wp\/v2\/pages\/1743","targetHints":{"allow":["GET"]}}],"collection":[{"href":"https:\/\/www.afmcr.net\/index.php?rest_route=\/wp\/v2\/pages"}],"about":[{"href":"https:\/\/www.afmcr.net\/index.php?rest_route=\/wp\/v2\/types\/page"}],"author":[{"embeddable":true,"href":"https:\/\/www.afmcr.net\/index.php?rest_route=\/wp\/v2\/users\/1"}],"replies":[{"embeddable":true,"href":"https:\/\/www.afmcr.net\/index.php?rest_route=%2Fwp%2Fv2%2Fcomments&post=1743"}],"version-history":[{"count":12,"href":"https:\/\/www.afmcr.net\/index.php?rest_route=\/wp\/v2\/pages\/1743\/revisions"}],"predecessor-version":[{"id":2036,"href":"https:\/\/www.afmcr.net\/index.php?rest_route=\/wp\/v2\/pages\/1743\/revisions\/2036"}],"wp:attachment":[{"href":"https:\/\/www.afmcr.net\/index.php?rest_route=%2Fwp%2Fv2%2Fmedia&parent=1743"}],"curies":[{"name":"wp","href":"https:\/\/api.w.org\/{rel}","templated":true}]}}